{"id":118,"date":"2023-04-17T17:50:30","date_gmt":"2023-04-17T20:50:30","guid":{"rendered":"https:\/\/www.acsc.com.br\/divinocoracao\/?page_id=118"},"modified":"2026-03-25T09:38:54","modified_gmt":"2026-03-25T12:38:54","slug":"material-escolar","status":"publish","type":"page","link":"https:\/\/www.acsc.com.br\/divinocoracao\/material-escolar\/","title":{"rendered":"Material Escolar"},"content":{"rendered":"<section class=\"l-section wpb_row height_medium\"><div class=\"l-section-h i-cf\"><div class=\"g-cols vc_row via_grid cols_1 laptops-cols_inherit tablets-cols_inherit mobiles-cols_1 valign_top type_default stacking_default\"><div class=\"wpb_column vc_column_container\"><div class=\"vc_column-inner\"><div class=\"w-tabs layout_hor style_default switch_click has_scrolling\" style=\"--sections-title-size:1em\"><div class=\"w-tabs-list items_4 align_none\"><div class=\"w-tabs-list-h\"><button class=\"w-tabs-item active\" aria-controls=\"content-kb08\" aria-expanded=\"false\"><span class=\"w-tabs-item-title\">Educa\u00e7\u00e3o Infantil<\/span><\/button><button class=\"w-tabs-item\" aria-controls=\"content-nc43\" aria-expanded=\"false\"><span class=\"w-tabs-item-title\">Ensino Fundamental I<\/span><\/button><button class=\"w-tabs-item\" aria-controls=\"content-xdad\" aria-expanded=\"false\"><span class=\"w-tabs-item-title\">Ensino Fundamental II<\/span><\/button><button class=\"w-tabs-item\" aria-controls=\"content-re9f\" aria-expanded=\"false\"><span class=\"w-tabs-item-title\">Ensino M\u00e9dio<\/span><\/button><\/div><\/div><div class=\"w-tabs-sections titles-align_none icon_chevron cpos_right\"><div class=\"w-tabs-section active\" id=\"kb08\"><button class=\"w-tabs-section-header active\" aria-controls=\"content-kb08\" aria-expanded=\"true\"><div class=\"w-tabs-section-title\">Educa\u00e7\u00e3o Infantil<\/div><div class=\"w-tabs-section-control\"><\/div><\/button><div  class=\"w-tabs-section-content\" id=\"content-kb08\"><div class=\"w-tabs-section-content-h i-cf\"><div class=\"w-btn-wrapper align_none\"><a class=\"w-btn us-btn-style_1 icon_atleft\" target=\"_blank\" href=\"https:\/\/www.acsc.com.br\/divinocoracao\/wp-content\/uploads\/sites\/4\/2026\/03\/Lista-de-Material_Nivel-I-2026-Google-Docs.pdf\" rel=\"noopener\"><i class=\"fas fa-download\"><\/i><span class=\"w-btn-label\">EDUCA\u00c7\u00c3O INFANTIL &#8211; N\u00cdVEL I<\/span><\/a><\/div><div class=\"w-btn-wrapper align_none\"><a class=\"w-btn us-btn-style_1 icon_atleft\" target=\"_blank\" href=\"https:\/\/www.acsc.com.br\/divinocoracao\/wp-content\/uploads\/sites\/4\/2026\/03\/Lista-de-Material_Nivel-II-2026-Google-Docs.pdf\" rel=\"noopener\"><i class=\"fas fa-download\"><\/i><span class=\"w-btn-label\">EDUCA\u00c7\u00c3O INFANTIL &#8211; N\u00cdVEL II<\/span><\/a><\/div><div class=\"w-btn-wrapper align_none\"><a class=\"w-btn us-btn-style_1 icon_atleft\" target=\"_blank\" href=\"https:\/\/www.acsc.com.br\/divinocoracao\/wp-content\/uploads\/sites\/4\/2026\/03\/Lista-de-Material_Creche-I-2026-Google-Docs.pdf\" rel=\"noopener\"><i class=\"fas fa-download\"><\/i><span class=\"w-btn-label\">EDUCA\u00c7\u00c3O INFANTIL &#8211; CRECHE I<\/span><\/a><\/div><div class=\"w-btn-wrapper align_none\"><a class=\"w-btn us-btn-style_1 icon_atleft\" target=\"_blank\" href=\"https:\/\/www.acsc.com.br\/divinocoracao\/wp-content\/uploads\/sites\/4\/2026\/03\/Lista-de-Material_Creche-II-2026-Google-Docs.pdf\" rel=\"noopener\"><i class=\"fas fa-download\"><\/i><span class=\"w-btn-label\">EDUCA\u00c7\u00c3O INFANTIL &#8211; CRECHE II<\/span><\/a><\/div><div class=\"w-btn-wrapper align_none\"><a class=\"w-btn us-btn-style_1 icon_atleft\" target=\"_blank\" href=\"https:\/\/www.acsc.com.br\/divinocoracao\/wp-content\/uploads\/sites\/4\/2026\/03\/Lista-de-Material_Creche-III-2026-Google-Docs.pdf\" rel=\"noopener\"><i class=\"fas fa-download\"><\/i><span class=\"w-btn-label\">EDUCA\u00c7\u00c3O INFANTIL &#8211; CRECHE III<\/span><\/a><\/div><\/div><\/div><\/div><div class=\"w-tabs-section\" id=\"nc43\"><button class=\"w-tabs-section-header\" aria-controls=\"content-nc43\" aria-expanded=\"false\"><div class=\"w-tabs-section-title\">Ensino Fundamental I<\/div><div class=\"w-tabs-section-control\"><\/div><\/button><div  class=\"w-tabs-section-content\" id=\"content-nc43\"><div class=\"w-tabs-section-content-h i-cf\"><div class=\"w-btn-wrapper align_none\"><a class=\"w-btn us-btn-style_1 icon_atleft\" target=\"_blank\" href=\"https:\/\/www.acsc.com.br\/divinocoracao\/wp-content\/uploads\/sites\/4\/2026\/03\/Lista-de-Material_1\u00b0-ano-2026-Google-Docs.pdf\" rel=\"noopener\"><i class=\"fas fa-download\"><\/i><span class=\"w-btn-label\">1\u00ba ANO \u2013 ENSINO FUNDAMENTAL I<\/span><\/a><\/div><div class=\"w-btn-wrapper align_none\"><a class=\"w-btn us-btn-style_1 icon_atleft\" target=\"_blank\" href=\"https:\/\/www.acsc.com.br\/divinocoracao\/wp-content\/uploads\/sites\/4\/2026\/03\/Lista-de-Material_2o-ano-2026-Google-Docs.pdf\" rel=\"noopener\"><i class=\"fas fa-download\"><\/i><span class=\"w-btn-label\">2\u00ba ANO \u2013 ENSINO FUNDAMENTAL I<\/span><\/a><\/div><div class=\"w-btn-wrapper align_none\"><a class=\"w-btn us-btn-style_1 icon_atleft\" target=\"_blank\" href=\"https:\/\/www.acsc.com.br\/divinocoracao\/wp-content\/uploads\/sites\/4\/2026\/03\/Lista-de-Material_3\u00b0-ano-2026-Google-Docs.pdf\" rel=\"noopener\"><i class=\"fas fa-download\"><\/i><span class=\"w-btn-label\">3\u00ba ANO \u2013 ENSINO FUNDAMENTAL I<\/span><\/a><\/div><div class=\"w-btn-wrapper align_none\"><a class=\"w-btn us-btn-style_1 icon_atleft\" target=\"_blank\" href=\"https:\/\/www.acsc.com.br\/divinocoracao\/wp-content\/uploads\/sites\/4\/2026\/03\/Lista-de-Material_4\u00b0-ano-2026-Google-Docs-1.pdf\" rel=\"noopener\"><i class=\"fas fa-download\"><\/i><span class=\"w-btn-label\">4\u00ba ANO \u2013 ENSINO FUNDAMENTAL I<\/span><\/a><\/div><\/div><\/div><\/div><div class=\"w-tabs-section\" id=\"xdad\"><button class=\"w-tabs-section-header\" aria-controls=\"content-xdad\" aria-expanded=\"false\"><div class=\"w-tabs-section-title\">Ensino Fundamental II<\/div><div class=\"w-tabs-section-control\"><\/div><\/button><div  class=\"w-tabs-section-content\" id=\"content-xdad\"><div class=\"w-tabs-section-content-h i-cf\"><div class=\"w-btn-wrapper align_none\"><a class=\"w-btn us-btn-style_1 icon_atleft\" target=\"_blank\" href=\"https:\/\/www.acsc.com.br\/divinocoracao\/wp-content\/uploads\/sites\/4\/2026\/03\/Lista-de-Material_-5o-ano-2026-Google-Docs.pdf\" rel=\"noopener\"><i class=\"fas fa-download\"><\/i><span class=\"w-btn-label\">5\u00ba ANO \u2013 ENSINO FUNDAMENTAL II<\/span><\/a><\/div><div class=\"w-btn-wrapper align_none\"><a class=\"w-btn us-btn-style_1 icon_atleft\" target=\"_blank\" href=\"https:\/\/www.acsc.com.br\/divinocoracao\/wp-content\/uploads\/sites\/4\/2026\/03\/Lista-de-Material_-6o-ano-2026-Google-Docs.pdf\" rel=\"noopener\"><i class=\"fas fa-download\"><\/i><span class=\"w-btn-label\">6\u00ba ANO \u2013 ENSINO FUNDAMENTAL II<\/span><\/a><\/div><div class=\"w-btn-wrapper align_none\"><a class=\"w-btn us-btn-style_1 icon_atleft\" target=\"_blank\" href=\"https:\/\/www.acsc.com.br\/divinocoracao\/wp-content\/uploads\/sites\/4\/2026\/03\/Lista-de-Material_-7o-ano-2026-Google-Docs.pdf\" rel=\"noopener\"><i class=\"fas fa-download\"><\/i><span class=\"w-btn-label\">7\u00ba ANO \u2013 ENSINO FUNDAMENTAL II<\/span><\/a><\/div><div class=\"w-btn-wrapper align_none\"><a class=\"w-btn us-btn-style_1 icon_atleft\" target=\"_blank\" href=\"https:\/\/www.acsc.com.br\/divinocoracao\/wp-content\/uploads\/sites\/4\/2026\/03\/Lista-de-Material_-8o-ano-2026-Google-Docs.pdf\" rel=\"noopener\"><i class=\"fas fa-download\"><\/i><span class=\"w-btn-label\">8\u00ba ANO \u2013 ENSINO FUNDAMENTAL II<\/span><\/a><\/div><div class=\"w-btn-wrapper align_none\"><a class=\"w-btn us-btn-style_1 icon_atleft\" target=\"_blank\" href=\"https:\/\/www.acsc.com.br\/divinocoracao\/wp-content\/uploads\/sites\/4\/2026\/03\/Lista-de-Material_-9o-ano-2026-Google-Docs.pdf\" rel=\"noopener\"><i class=\"fas fa-download\"><\/i><span class=\"w-btn-label\">9\u00ba ANO \u2013 ENSINO FUNDAMENTAL II<\/span><\/a><\/div><\/div><\/div><\/div><div class=\"w-tabs-section\" id=\"re9f\"><button class=\"w-tabs-section-header\" aria-controls=\"content-re9f\" aria-expanded=\"false\"><div class=\"w-tabs-section-title\">Ensino M\u00e9dio<\/div><div class=\"w-tabs-section-control\"><\/div><\/button><div  class=\"w-tabs-section-content\" id=\"content-re9f\"><div class=\"w-tabs-section-content-h i-cf\"><div class=\"w-btn-wrapper align_none\"><a class=\"w-btn us-btn-style_1 icon_atleft\" target=\"_blank\" href=\"https:\/\/www.acsc.com.br\/divinocoracao\/wp-content\/uploads\/sites\/4\/2026\/03\/Lista-de-Material-Ens.-Medio-1a-2026-Google-Docs.pdf\" rel=\"noopener\"><i class=\"fas fa-download\"><\/i><span class=\"w-btn-label\">1\u00aa S\u00c9RIE &#8211; NOVO ENSINO M\u00c9DIO<\/span><\/a><\/div><div class=\"w-btn-wrapper align_none\"><a class=\"w-btn us-btn-style_1 icon_atleft\" target=\"_blank\" href=\"https:\/\/www.acsc.com.br\/divinocoracao\/wp-content\/uploads\/sites\/4\/2026\/03\/Lista-de-Material-Ens.-Medio-2a-2026-Google-Docs.pdf\" rel=\"noopener\"><i class=\"fas fa-download\"><\/i><span class=\"w-btn-label\">2\u00aa S\u00c9RIE &#8211; NOVO ENSINO M\u00c9DIO<\/span><\/a><\/div><div class=\"w-btn-wrapper align_none\"><a class=\"w-btn us-btn-style_1 icon_atleft\" target=\"_blank\" href=\"https:\/\/www.acsc.com.br\/divinocoracao\/wp-content\/uploads\/sites\/4\/2026\/03\/Lista-de-Material-Ens.-Medio-3a-2026-Google-Docs.pdf\" rel=\"noopener\"><i class=\"fas fa-download\"><\/i><span class=\"w-btn-label\">3\u00aa S\u00c9RIE &#8211; NOVO ENSINO M\u00c9DIO<\/span><\/a><\/div><\/div><\/div><\/div><\/div><\/div><\/div><\/div><\/div><\/div><\/section>\n","protected":false},"excerpt":{"rendered":"Educa\u00e7\u00e3o InfantilEnsino Fundamental IEnsino Fundamental IIEnsino M\u00e9dioEduca\u00e7\u00e3o InfantilEDUCA\u00c7\u00c3O INFANTIL &#8211; N\u00cdVEL IEDUCA\u00c7\u00c3O INFANTIL &#8211; N\u00cdVEL IIEDUCA\u00c7\u00c3O INFANTIL &#8211; CRECHE IEDUCA\u00c7\u00c3O INFANTIL &#8211; CRECHE IIEDUCA\u00c7\u00c3O INFANTIL &#8211; CRECHE IIIEnsino Fundamental I1\u00ba ANO \u2013 ENSINO FUNDAMENTAL I2\u00ba ANO \u2013 ENSINO FUNDAMENTAL I3\u00ba ANO \u2013 ENSINO FUNDAMENTAL I4\u00ba ANO \u2013 ENSINO FUNDAMENTAL IEnsino Fundamental II5\u00ba ANO \u2013 ENSINO...","protected":false},"author":1,"featured_media":0,"parent":0,"menu_order":0,"comment_status":"closed","ping_status":"closed","template":"","meta":{"_acf_changed":false,"footnotes":""},"class_list":["post-118","page","type-page","status-publish","hentry"],"acf":[],"_links":{"self":[{"href":"https:\/\/www.acsc.com.br\/divinocoracao\/wp-json\/wp\/v2\/pages\/118","targetHints":{"allow":["GET"]}}],"collection":[{"href":"https:\/\/www.acsc.com.br\/divinocoracao\/wp-json\/wp\/v2\/pages"}],"about":[{"href":"https:\/\/www.acsc.com.br\/divinocoracao\/wp-json\/wp\/v2\/types\/page"}],"author":[{"embeddable":true,"href":"https:\/\/www.acsc.com.br\/divinocoracao\/wp-json\/wp\/v2\/users\/1"}],"replies":[{"embeddable":true,"href":"https:\/\/www.acsc.com.br\/divinocoracao\/wp-json\/wp\/v2\/comments?post=118"}],"version-history":[{"count":13,"href":"https:\/\/www.acsc.com.br\/divinocoracao\/wp-json\/wp\/v2\/pages\/118\/revisions"}],"predecessor-version":[{"id":616,"href":"https:\/\/www.acsc.com.br\/divinocoracao\/wp-json\/wp\/v2\/pages\/118\/revisions\/616"}],"wp:attachment":[{"href":"https:\/\/www.acsc.com.br\/divinocoracao\/wp-json\/wp\/v2\/media?parent=118"}],"curies":[{"name":"wp","href":"https:\/\/api.w.org\/{rel}","templated":true}]}}