{"id":106,"date":"2023-04-17T14:50:22","date_gmt":"2023-04-17T17:50:22","guid":{"rendered":"https:\/\/www.acsc.com.br\/divinocoracao\/?page_id=106"},"modified":"2023-08-11T11:47:54","modified_gmt":"2023-08-11T14:47:54","slug":"sala-de-recursos-aee","status":"publish","type":"page","link":"https:\/\/www.acsc.com.br\/divinocoracao\/sala-de-recursos-aee\/","title":{"rendered":"Sala de Recursos &#8211; AEE"},"content":{"rendered":"<p style=\"text-align: justify;\"><span style=\"font-weight: 400;\">As institui\u00e7\u00f5es escolares da ACSC disp\u00f5em de sala de recursos com a finalidade de atender os estudantes com defici\u00eancia, transtornos globais do desenvolvimento e altas habilidades\/superdota\u00e7\u00e3o sob orienta\u00e7\u00e3o de um profissional habilitado.\u00a0\u00a0<\/span><\/p>\n","protected":false},"excerpt":{"rendered":"<p>As institui\u00e7\u00f5es escolares da ACSC disp\u00f5em de sala de recursos com a finalidade de atender os estudantes com defici\u00eancia, transtornos globais do desenvolvimento e altas habilidades\/superdota\u00e7\u00e3o sob orienta\u00e7\u00e3o de um profissional habilitado.\u00a0\u00a0<\/p>\n","protected":false},"author":1,"featured_media":0,"parent":0,"menu_order":0,"comment_status":"closed","ping_status":"closed","template":"","meta":{"_acf_changed":false,"footnotes":""},"class_list":["post-106","page","type-page","status-publish","hentry"],"acf":[],"_links":{"self":[{"href":"https:\/\/www.acsc.com.br\/divinocoracao\/wp-json\/wp\/v2\/pages\/106","targetHints":{"allow":["GET"]}}],"collection":[{"href":"https:\/\/www.acsc.com.br\/divinocoracao\/wp-json\/wp\/v2\/pages"}],"about":[{"href":"https:\/\/www.acsc.com.br\/divinocoracao\/wp-json\/wp\/v2\/types\/page"}],"author":[{"embeddable":true,"href":"https:\/\/www.acsc.com.br\/divinocoracao\/wp-json\/wp\/v2\/users\/1"}],"replies":[{"embeddable":true,"href":"https:\/\/www.acsc.com.br\/divinocoracao\/wp-json\/wp\/v2\/comments?post=106"}],"version-history":[{"count":2,"href":"https:\/\/www.acsc.com.br\/divinocoracao\/wp-json\/wp\/v2\/pages\/106\/revisions"}],"predecessor-version":[{"id":219,"href":"https:\/\/www.acsc.com.br\/divinocoracao\/wp-json\/wp\/v2\/pages\/106\/revisions\/219"}],"wp:attachment":[{"href":"https:\/\/www.acsc.com.br\/divinocoracao\/wp-json\/wp\/v2\/media?parent=106"}],"curies":[{"name":"wp","href":"https:\/\/api.w.org\/{rel}","templated":true}]}}