{"id":104,"date":"2023-04-17T14:50:05","date_gmt":"2023-04-17T17:50:05","guid":{"rendered":"https:\/\/www.acsc.com.br\/divinocoracao\/?page_id=104"},"modified":"2026-03-24T15:55:59","modified_gmt":"2026-03-24T18:55:59","slug":"infraestrutura","status":"publish","type":"page","link":"https:\/\/www.acsc.com.br\/divinocoracao\/infraestrutura\/","title":{"rendered":"Infraestrutura"},"content":{"rendered":"<section class=\"l-section wpb_row height_medium\"><div class=\"l-section-h i-cf\"><div class=\"g-cols vc_row via_grid cols_1 laptops-cols_inherit tablets-cols_inherit mobiles-cols_1 valign_top type_default stacking_default\"><div class=\"wpb_column vc_column_container\"><div class=\"vc_column-inner\"><div class=\"wpb_text_column\"><div class=\"wpb_wrapper\"><p style=\"text-align: justify;\"><span style=\"font-weight: 400;\">O col\u00e9gio Divino Cora\u00e7\u00e3o conta com \u00e1rea pedag\u00f3gica, laborat\u00f3rios, \u00e1rea esportiva e espa\u00e7o para cultura e espiritualidade.<\/span><\/p>\n<p style=\"text-align: justify;\"><span style=\"font-weight: 400;\">O espa\u00e7o escolar pedag\u00f3gico possui\u00a0 biblioteca, sala de arte, sala de recursos, laborat\u00f3rio de inform\u00e1tica e laborat\u00f3rio de ci\u00eancias.\u00a0<\/span><\/p>\n<p style=\"text-align: justify;\"><span style=\"font-weight: 400;\">A escola tamb\u00e9m \u00e9\u00a0 composta por amplos ambientes de conviv\u00eancia, p\u00e1tio, pra\u00e7a de brinquedo\/\u00e1rea livre, quadra de esportes, gin\u00e1sio, audit\u00f3rio (sal\u00e3o Social), capela e jardim.<\/span><\/p>\n<\/div><\/div><div class=\"w-separator size_medium\"><\/div><div class=\"wpb_text_column\"><div class=\"wpb_wrapper\"><h4><strong>Espac\u0327o Lazer &#8211; Educac\u0327a\u0303o Infantil-Creche<\/strong><\/h4>\n<\/div><\/div><div class=\"w-separator size_small\"><\/div><div class=\"w-slider style_none fit_cover\"><div class=\"w-slider-h\"><div class=\"royalSlider\"><div class=\"rsContent\"><a class=\"rsImg\" data-rsw=\"1024\" data-rsh=\"473\" href=\"https:\/\/www.acsc.com.br\/divinocoracao\/wp-content\/uploads\/sites\/4\/2024\/03\/WhatsApp-Image-2024-03-25-at-16.25.49-1024x473.jpeg\"><span data-alt=\"\"><\/span><\/a><\/div><div class=\"rsContent\"><a class=\"rsImg\" data-rsw=\"473\" data-rsh=\"1024\" href=\"https:\/\/www.acsc.com.br\/divinocoracao\/wp-content\/uploads\/sites\/4\/2024\/03\/WhatsApp-Image-2024-03-25-at-16.25.54-473x1024.jpeg\"><span data-alt=\"\"><\/span><\/a><\/div><div class=\"rsContent\"><a class=\"rsImg\" data-rsw=\"473\" data-rsh=\"1024\" href=\"https:\/\/www.acsc.com.br\/divinocoracao\/wp-content\/uploads\/sites\/4\/2024\/03\/WhatsApp-Image-2024-03-25-at-16.25.53-2-473x1024.jpeg\"><span data-alt=\"\"><\/span><\/a><\/div><div class=\"rsContent\"><a class=\"rsImg\" data-rsw=\"473\" data-rsh=\"1024\" href=\"https:\/\/www.acsc.com.br\/divinocoracao\/wp-content\/uploads\/sites\/4\/2024\/03\/WhatsApp-Image-2024-03-25-at-16.25.53-1-473x1024.jpeg\"><span data-alt=\"\"><\/span><\/a><\/div><div class=\"rsContent\"><a class=\"rsImg\" data-rsw=\"1024\" data-rsh=\"473\" href=\"https:\/\/www.acsc.com.br\/divinocoracao\/wp-content\/uploads\/sites\/4\/2024\/03\/WhatsApp-Image-2024-03-25-at-16.25.53-1024x473.jpeg\"><span data-alt=\"\"><\/span><\/a><\/div><div class=\"rsContent\"><a class=\"rsImg\" data-rsw=\"1024\" data-rsh=\"473\" href=\"https:\/\/www.acsc.com.br\/divinocoracao\/wp-content\/uploads\/sites\/4\/2024\/03\/WhatsApp-Image-2024-03-25-at-16.25.52-2-1024x473.jpeg\"><span data-alt=\"\"><\/span><\/a><\/div><div class=\"rsContent\"><a class=\"rsImg\" data-rsw=\"473\" data-rsh=\"1024\" href=\"https:\/\/www.acsc.com.br\/divinocoracao\/wp-content\/uploads\/sites\/4\/2024\/03\/WhatsApp-Image-2024-03-25-at-16.25.52-1-473x1024.jpeg\"><span data-alt=\"\"><\/span><\/a><\/div><div class=\"rsContent\"><a class=\"rsImg\" data-rsw=\"1024\" data-rsh=\"473\" href=\"https:\/\/www.acsc.com.br\/divinocoracao\/wp-content\/uploads\/sites\/4\/2024\/03\/WhatsApp-Image-2024-03-25-at-16.25.52-1024x473.jpeg\"><span data-alt=\"\"><\/span><\/a><\/div><div class=\"rsContent\"><a class=\"rsImg\" data-rsw=\"1024\" data-rsh=\"473\" href=\"https:\/\/www.acsc.com.br\/divinocoracao\/wp-content\/uploads\/sites\/4\/2024\/03\/WhatsApp-Image-2024-03-25-at-16.25.51-1-1024x473.jpeg\"><span data-alt=\"\"><\/span><\/a><\/div><div class=\"rsContent\"><a class=\"rsImg\" data-rsw=\"1024\" data-rsh=\"473\" href=\"https:\/\/www.acsc.com.br\/divinocoracao\/wp-content\/uploads\/sites\/4\/2024\/03\/WhatsApp-Image-2024-03-25-at-16.25.51-1024x473.jpeg\"><span data-alt=\"\"><\/span><\/a><\/div><div class=\"rsContent\"><a class=\"rsImg\" data-rsw=\"1024\" data-rsh=\"473\" href=\"https:\/\/www.acsc.com.br\/divinocoracao\/wp-content\/uploads\/sites\/4\/2024\/03\/WhatsApp-Image-2024-03-25-at-16.25.50-2-1024x473.jpeg\"><span data-alt=\"\"><\/span><\/a><\/div><div class=\"rsContent\"><a class=\"rsImg\" data-rsw=\"1024\" data-rsh=\"473\" href=\"https:\/\/www.acsc.com.br\/divinocoracao\/wp-content\/uploads\/sites\/4\/2024\/03\/WhatsApp-Image-2024-03-25-at-16.25.50-1-1024x473.jpeg\"><span data-alt=\"\"><\/span><\/a><\/div><div class=\"rsContent\"><a class=\"rsImg\" data-rsw=\"1024\" data-rsh=\"473\" href=\"https:\/\/www.acsc.com.br\/divinocoracao\/wp-content\/uploads\/sites\/4\/2024\/03\/WhatsApp-Image-2024-03-25-at-16.25.50-1024x473.jpeg\"><span data-alt=\"\"><\/span><\/a><\/div><\/div><img decoding=\"async\" src=\"https:\/\/www.acsc.com.br\/divinocoracao\/wp-content\/uploads\/sites\/4\/2024\/03\/WhatsApp-Image-2024-03-25-at-16.25.49-1024x473.jpeg\" width=\"1024\" height=\"473\" alt loading=\"lazy\"><\/div><div class=\"w-slider-json\" onclick='return {&quot;autoScaleSlider&quot;:true,&quot;loop&quot;:true,&quot;fadeInLoadedSlide&quot;:false,&quot;slidesSpacing&quot;:0,&quot;imageScalePadding&quot;:0,&quot;numImagesToPreload&quot;:2,&quot;arrowsNav&quot;:true,&quot;arrowsNavAutoHide&quot;:false,&quot;transitionType&quot;:&quot;move&quot;,&quot;transitionSpeed&quot;:250,&quot;block&quot;:{&quot;moveEffect&quot;:&quot;none&quot;,&quot;speed&quot;:300},&quot;thumbs&quot;:{&quot;fitInViewport&quot;:false},&quot;controlNavigation&quot;:&quot;none&quot;,&quot;imageScaleMode&quot;:&quot;fill&quot;,&quot;autoScaleSliderWidth&quot;:1024,&quot;autoScaleSliderHeight&quot;:473}'><\/div><\/div><div class=\"w-separator size_medium\"><\/div><div class=\"wpb_text_column\"><div class=\"wpb_wrapper\"><h4><strong>Laborato\u0301rio de Cie\u0302ncias<\/strong><\/h4>\n<\/div><\/div><div class=\"w-separator size_small\"><\/div><div class=\"w-slider style_none fit_cover\"><div class=\"w-slider-h\"><div class=\"royalSlider\"><div class=\"rsContent\"><a class=\"rsImg\" data-rsw=\"1024\" data-rsh=\"768\" href=\"https:\/\/www.acsc.com.br\/divinocoracao\/wp-content\/uploads\/sites\/4\/2023\/05\/WhatsApp-Image-2023-03-23-at-12.49.06-1024x768.jpeg\"><span data-alt=\"\"><\/span><\/a><\/div><div class=\"rsContent\"><a class=\"rsImg\" data-rsw=\"1024\" data-rsh=\"576\" href=\"https:\/\/www.acsc.com.br\/divinocoracao\/wp-content\/uploads\/sites\/4\/2023\/05\/WhatsApp-Image-2023-04-11-at-11.32.44-2-1024x576.jpeg\"><span data-alt=\"\"><\/span><\/a><\/div><div class=\"rsContent\"><a class=\"rsImg\" data-rsw=\"1024\" data-rsh=\"768\" href=\"https:\/\/www.acsc.com.br\/divinocoracao\/wp-content\/uploads\/sites\/4\/2023\/05\/WhatsApp-Image-2023-03-23-at-12.49.03-1024x768.jpeg\"><span data-alt=\"\"><\/span><\/a><\/div><\/div><img decoding=\"async\" src=\"https:\/\/www.acsc.com.br\/divinocoracao\/wp-content\/uploads\/sites\/4\/2023\/05\/WhatsApp-Image-2023-03-23-at-12.49.06-1024x768.jpeg\" width=\"1024\" height=\"768\" alt loading=\"lazy\"><\/div><div class=\"w-slider-json\" onclick='return {&quot;autoScaleSlider&quot;:true,&quot;loop&quot;:true,&quot;fadeInLoadedSlide&quot;:false,&quot;slidesSpacing&quot;:0,&quot;imageScalePadding&quot;:0,&quot;numImagesToPreload&quot;:2,&quot;arrowsNav&quot;:true,&quot;arrowsNavAutoHide&quot;:false,&quot;transitionType&quot;:&quot;move&quot;,&quot;transitionSpeed&quot;:250,&quot;block&quot;:{&quot;moveEffect&quot;:&quot;none&quot;,&quot;speed&quot;:300},&quot;thumbs&quot;:{&quot;fitInViewport&quot;:false},&quot;controlNavigation&quot;:&quot;none&quot;,&quot;imageScaleMode&quot;:&quot;fill&quot;,&quot;autoScaleSliderWidth&quot;:1024,&quot;autoScaleSliderHeight&quot;:768}'><\/div><\/div><div class=\"w-separator size_medium\"><\/div><div class=\"wpb_text_column\"><div class=\"wpb_wrapper\"><h4><strong>Quadra de Esportes<\/strong><\/h4>\n<\/div><\/div><div class=\"w-separator size_small\"><\/div><div class=\"w-slider style_none fit_cover\"><div class=\"w-slider-h\"><div class=\"royalSlider\"><div class=\"rsContent\"><a class=\"rsImg\" data-rsw=\"1024\" data-rsh=\"768\" href=\"https:\/\/www.acsc.com.br\/divinocoracao\/wp-content\/uploads\/sites\/4\/2023\/05\/IMG_20230524_102832_232-1024x768.jpg\"><span data-alt=\"\"><\/span><\/a><\/div><div class=\"rsContent\"><a class=\"rsImg\" data-rsw=\"1024\" data-rsh=\"768\" href=\"https:\/\/www.acsc.com.br\/divinocoracao\/wp-content\/uploads\/sites\/4\/2023\/05\/IMG_20230524_102908_540-1024x768.jpg\"><span data-alt=\"\"><\/span><\/a><\/div><div class=\"rsContent\"><a class=\"rsImg\" data-rsw=\"1024\" data-rsh=\"768\" href=\"https:\/\/www.acsc.com.br\/divinocoracao\/wp-content\/uploads\/sites\/4\/2023\/05\/03-1024x768.jpg\"><span data-alt=\"\"><\/span><\/a><\/div><div class=\"rsContent\"><a class=\"rsImg\" data-rsw=\"1024\" data-rsh=\"768\" href=\"https:\/\/www.acsc.com.br\/divinocoracao\/wp-content\/uploads\/sites\/4\/2023\/05\/07-1024x768.jpg\"><span data-alt=\"\"><\/span><\/a><\/div><\/div><img decoding=\"async\" src=\"https:\/\/www.acsc.com.br\/divinocoracao\/wp-content\/uploads\/sites\/4\/2023\/05\/IMG_20230524_102832_232-1024x768.jpg\" width=\"1024\" height=\"768\" alt loading=\"lazy\"><\/div><div class=\"w-slider-json\" onclick='return {&quot;autoScaleSlider&quot;:true,&quot;loop&quot;:true,&quot;fadeInLoadedSlide&quot;:false,&quot;slidesSpacing&quot;:0,&quot;imageScalePadding&quot;:0,&quot;numImagesToPreload&quot;:2,&quot;arrowsNav&quot;:true,&quot;arrowsNavAutoHide&quot;:false,&quot;transitionType&quot;:&quot;move&quot;,&quot;transitionSpeed&quot;:250,&quot;block&quot;:{&quot;moveEffect&quot;:&quot;none&quot;,&quot;speed&quot;:300},&quot;thumbs&quot;:{&quot;fitInViewport&quot;:false},&quot;controlNavigation&quot;:&quot;none&quot;,&quot;imageScaleMode&quot;:&quot;fill&quot;,&quot;autoScaleSliderWidth&quot;:1024,&quot;autoScaleSliderHeight&quot;:768}'><\/div><\/div><div class=\"w-separator size_medium\"><\/div><div class=\"wpb_text_column\"><div class=\"wpb_wrapper\"><h4><strong>Biblioteca<\/strong><\/h4>\n<\/div><\/div><div class=\"w-separator size_small\"><\/div><div class=\"w-slider style_none fit_cover\"><div class=\"w-slider-h\"><div class=\"royalSlider\"><div class=\"rsContent\"><a class=\"rsImg\" data-rsw=\"1024\" data-rsh=\"768\" href=\"https:\/\/www.acsc.com.br\/divinocoracao\/wp-content\/uploads\/sites\/4\/2023\/05\/IMG_20230524_100624_136-1-1024x768.jpg\"><span data-alt=\"\"><\/span><\/a><\/div><div class=\"rsContent\"><a class=\"rsImg\" data-rsw=\"1024\" data-rsh=\"768\" href=\"https:\/\/www.acsc.com.br\/divinocoracao\/wp-content\/uploads\/sites\/4\/2023\/05\/IMG_20230524_100630_497-1-1024x768.jpg\"><span data-alt=\"\"><\/span><\/a><\/div><div class=\"rsContent\"><a class=\"rsImg\" data-rsw=\"1024\" data-rsh=\"768\" href=\"https:\/\/www.acsc.com.br\/divinocoracao\/wp-content\/uploads\/sites\/4\/2023\/05\/IMG_20230524_100606_615-1-1024x768.jpg\"><span data-alt=\"\"><\/span><\/a><\/div><div class=\"rsContent\"><a class=\"rsImg\" data-rsw=\"1024\" data-rsh=\"830\" href=\"https:\/\/www.acsc.com.br\/divinocoracao\/wp-content\/uploads\/sites\/4\/2023\/05\/331336573_890591952177155_2232989151765832105_n-1-1024x830.jpg\"><span data-alt=\"\"><\/span><\/a><\/div><div class=\"rsContent\"><a class=\"rsImg\" data-rsw=\"1024\" data-rsh=\"766\" href=\"https:\/\/www.acsc.com.br\/divinocoracao\/wp-content\/uploads\/sites\/4\/2023\/05\/337536772_3498485980419881_1651861396789663722_n-1-1024x766.jpg\"><span data-alt=\"\"><\/span><\/a><\/div><div class=\"rsContent\"><a class=\"rsImg\" data-rsw=\"1024\" data-rsh=\"766\" href=\"https:\/\/www.acsc.com.br\/divinocoracao\/wp-content\/uploads\/sites\/4\/2023\/05\/337528752_1584032175416894_1004678225634361231_n-1-1024x766.jpg\"><span data-alt=\"\"><\/span><\/a><\/div><\/div><img decoding=\"async\" src=\"https:\/\/www.acsc.com.br\/divinocoracao\/wp-content\/uploads\/sites\/4\/2023\/05\/IMG_20230524_100624_136-1-1024x768.jpg\" width=\"1024\" height=\"768\" alt loading=\"lazy\"><\/div><div class=\"w-slider-json\" onclick='return {&quot;autoScaleSlider&quot;:true,&quot;loop&quot;:true,&quot;fadeInLoadedSlide&quot;:false,&quot;slidesSpacing&quot;:0,&quot;imageScalePadding&quot;:0,&quot;numImagesToPreload&quot;:2,&quot;arrowsNav&quot;:true,&quot;arrowsNavAutoHide&quot;:false,&quot;transitionType&quot;:&quot;move&quot;,&quot;transitionSpeed&quot;:250,&quot;block&quot;:{&quot;moveEffect&quot;:&quot;none&quot;,&quot;speed&quot;:300},&quot;thumbs&quot;:{&quot;fitInViewport&quot;:false},&quot;controlNavigation&quot;:&quot;none&quot;,&quot;imageScaleMode&quot;:&quot;fill&quot;,&quot;autoScaleSliderWidth&quot;:1024,&quot;autoScaleSliderHeight&quot;:768}'><\/div><\/div><div class=\"w-separator size_medium\"><\/div><div class=\"wpb_text_column\"><div class=\"wpb_wrapper\"><h4><strong>Gina\u0301sio<\/strong><\/h4>\n<\/div><\/div><div class=\"w-separator size_small\"><\/div><div class=\"w-slider style_none fit_cover\"><div class=\"w-slider-h\"><div class=\"royalSlider\"><div class=\"rsContent\"><a class=\"rsImg\" data-rsw=\"1024\" data-rsh=\"576\" href=\"https:\/\/www.acsc.com.br\/divinocoracao\/wp-content\/uploads\/sites\/4\/2026\/03\/WhatsApp-Image-2026-03-24-at-14.47.53-1024x576.jpeg\"><span data-alt=\"\"><\/span><\/a><\/div><div class=\"rsContent\"><a class=\"rsImg\" data-rsw=\"1024\" data-rsh=\"768\" href=\"https:\/\/www.acsc.com.br\/divinocoracao\/wp-content\/uploads\/sites\/4\/2023\/05\/IMG_20230524_103413_575-1024x768.jpg\"><span data-alt=\"\"><\/span><\/a><\/div><div class=\"rsContent\"><a class=\"rsImg\" data-rsw=\"576\" data-rsh=\"1024\" href=\"https:\/\/www.acsc.com.br\/divinocoracao\/wp-content\/uploads\/sites\/4\/2026\/03\/WhatsApp-Image-2026-03-24-at-14.47.53-1-576x1024.jpeg\"><span data-alt=\"\"><\/span><\/a><\/div><div class=\"rsContent\"><a class=\"rsImg\" data-rsw=\"1024\" data-rsh=\"768\" href=\"https:\/\/www.acsc.com.br\/divinocoracao\/wp-content\/uploads\/sites\/4\/2023\/05\/IMG_20230524_103411_069-1024x768.jpg\"><span data-alt=\"\"><\/span><\/a><\/div><div class=\"rsContent\"><a class=\"rsImg\" data-rsw=\"1024\" data-rsh=\"768\" href=\"https:\/\/www.acsc.com.br\/divinocoracao\/wp-content\/uploads\/sites\/4\/2023\/05\/WhatsApp-Image-2023-04-12-at-10.44.53-1024x768.jpeg\"><span data-alt=\"\"><\/span><\/a><\/div><div class=\"rsContent\"><a class=\"rsImg\" data-rsw=\"1024\" data-rsh=\"768\" href=\"https:\/\/www.acsc.com.br\/divinocoracao\/wp-content\/uploads\/sites\/4\/2023\/05\/WhatsApp-Image-2023-04-12-at-10.44.54-1-1024x768.jpeg\"><span data-alt=\"\"><\/span><\/a><\/div><div class=\"rsContent\"><a class=\"rsImg\" data-rsw=\"1024\" data-rsh=\"768\" href=\"https:\/\/www.acsc.com.br\/divinocoracao\/wp-content\/uploads\/sites\/4\/2023\/05\/WhatsApp-Image-2023-04-12-at-10.45.02-1024x768.jpeg\"><span data-alt=\"\"><\/span><\/a><\/div><div class=\"rsContent\"><a class=\"rsImg\" data-rsw=\"1024\" data-rsh=\"612\" href=\"https:\/\/www.acsc.com.br\/divinocoracao\/wp-content\/uploads\/sites\/4\/2023\/05\/WhatsApp-Image-2023-04-12-at-10.45.46-1-1024x612.jpeg\"><span data-alt=\"\"><\/span><\/a><\/div><div class=\"rsContent\"><a class=\"rsImg\" data-rsw=\"1024\" data-rsh=\"768\" href=\"https:\/\/www.acsc.com.br\/divinocoracao\/wp-content\/uploads\/sites\/4\/2023\/05\/WhatsApp-Image-2023-05-13-at-12.23.46-1024x768.jpeg\"><span data-alt=\"\"><\/span><\/a><\/div><\/div><img decoding=\"async\" src=\"https:\/\/www.acsc.com.br\/divinocoracao\/wp-content\/uploads\/sites\/4\/2026\/03\/WhatsApp-Image-2026-03-24-at-14.47.53-1024x576.jpeg\" width=\"1024\" height=\"576\" alt loading=\"lazy\"><\/div><div class=\"w-slider-json\" onclick='return {&quot;autoScaleSlider&quot;:true,&quot;loop&quot;:true,&quot;fadeInLoadedSlide&quot;:false,&quot;slidesSpacing&quot;:0,&quot;imageScalePadding&quot;:0,&quot;numImagesToPreload&quot;:2,&quot;arrowsNav&quot;:true,&quot;arrowsNavAutoHide&quot;:false,&quot;transitionType&quot;:&quot;move&quot;,&quot;transitionSpeed&quot;:250,&quot;block&quot;:{&quot;moveEffect&quot;:&quot;none&quot;,&quot;speed&quot;:300},&quot;thumbs&quot;:{&quot;fitInViewport&quot;:false},&quot;controlNavigation&quot;:&quot;none&quot;,&quot;imageScaleMode&quot;:&quot;fill&quot;,&quot;autoScaleSliderWidth&quot;:1024,&quot;autoScaleSliderHeight&quot;:576}'><\/div><\/div><div class=\"w-separator size_medium\"><\/div><div class=\"wpb_text_column\"><div class=\"wpb_wrapper\"><h4><strong>Laborato\u0301rio de Informa\u0301tica<\/strong><\/h4>\n<\/div><\/div><div class=\"w-separator size_small\"><\/div><div class=\"w-slider style_none fit_cover\"><div class=\"w-slider-h\"><div class=\"royalSlider\"><div class=\"rsContent\"><a class=\"rsImg\" data-rsw=\"1024\" data-rsh=\"655\" href=\"https:\/\/www.acsc.com.br\/divinocoracao\/wp-content\/uploads\/sites\/4\/2026\/03\/WhatsApp-Image-2026-03-24-at-14.50.41-1024x655.jpeg\"><span data-alt=\"\"><\/span><\/a><\/div><div class=\"rsContent\"><a class=\"rsImg\" data-rsw=\"1024\" data-rsh=\"768\" href=\"https:\/\/www.acsc.com.br\/divinocoracao\/wp-content\/uploads\/sites\/4\/2026\/03\/WhatsApp-Image-2026-03-24-at-14.48.43-1024x768.jpeg\"><span data-alt=\"\"><\/span><\/a><\/div><div class=\"rsContent\"><a class=\"rsImg\" data-rsw=\"1024\" data-rsh=\"576\" href=\"https:\/\/www.acsc.com.br\/divinocoracao\/wp-content\/uploads\/sites\/4\/2023\/05\/WhatsApp-Image-2023-05-02-at-15.05.42-2.jpeg\"><span data-alt=\"\"><\/span><\/a><\/div><div class=\"rsContent\"><a class=\"rsImg\" data-rsw=\"1024\" data-rsh=\"576\" href=\"https:\/\/www.acsc.com.br\/divinocoracao\/wp-content\/uploads\/sites\/4\/2023\/05\/WhatsApp-Image-2023-05-02-at-15.05.42.jpeg\"><span data-alt=\"\"><\/span><\/a><\/div><div class=\"rsContent\"><a class=\"rsImg\" data-rsw=\"1024\" data-rsh=\"576\" href=\"https:\/\/www.acsc.com.br\/divinocoracao\/wp-content\/uploads\/sites\/4\/2023\/05\/WhatsApp-Image-2023-05-02-at-15.05.39.jpeg\"><span data-alt=\"\"><\/span><\/a><\/div><div class=\"rsContent\"><a class=\"rsImg\" data-rsw=\"576\" data-rsh=\"1024\" href=\"https:\/\/www.acsc.com.br\/divinocoracao\/wp-content\/uploads\/sites\/4\/2023\/05\/WhatsApp-Image-2023-05-02-at-15.05.44-2.jpeg\"><span data-alt=\"\"><\/span><\/a><\/div><div class=\"rsContent\"><a class=\"rsImg\" data-rsw=\"1024\" data-rsh=\"576\" href=\"https:\/\/www.acsc.com.br\/divinocoracao\/wp-content\/uploads\/sites\/4\/2023\/05\/WhatsApp-Image-2023-05-02-at-15.05.44.jpeg\"><span data-alt=\"\"><\/span><\/a><\/div><\/div><img decoding=\"async\" src=\"https:\/\/www.acsc.com.br\/divinocoracao\/wp-content\/uploads\/sites\/4\/2026\/03\/WhatsApp-Image-2026-03-24-at-14.50.41-1024x655.jpeg\" width=\"1024\" height=\"655\" alt loading=\"lazy\"><\/div><div class=\"w-slider-json\" onclick='return {&quot;autoScaleSlider&quot;:true,&quot;loop&quot;:true,&quot;fadeInLoadedSlide&quot;:false,&quot;slidesSpacing&quot;:0,&quot;imageScalePadding&quot;:0,&quot;numImagesToPreload&quot;:2,&quot;arrowsNav&quot;:true,&quot;arrowsNavAutoHide&quot;:false,&quot;transitionType&quot;:&quot;move&quot;,&quot;transitionSpeed&quot;:250,&quot;block&quot;:{&quot;moveEffect&quot;:&quot;none&quot;,&quot;speed&quot;:300},&quot;thumbs&quot;:{&quot;fitInViewport&quot;:false},&quot;controlNavigation&quot;:&quot;none&quot;,&quot;imageScaleMode&quot;:&quot;fill&quot;,&quot;autoScaleSliderWidth&quot;:1024,&quot;autoScaleSliderHeight&quot;:655}'><\/div><\/div><div class=\"w-separator size_medium\"><\/div><div class=\"wpb_text_column\"><div class=\"wpb_wrapper\"><h4><strong>Sala\u0303o Social<\/strong><\/h4>\n<\/div><\/div><div class=\"w-separator size_small\"><\/div><div class=\"w-slider style_none fit_cover\"><div class=\"w-slider-h\"><div class=\"royalSlider\"><div class=\"rsContent\"><a class=\"rsImg\" data-rsw=\"1024\" data-rsh=\"731\" href=\"https:\/\/www.acsc.com.br\/divinocoracao\/wp-content\/uploads\/sites\/4\/2026\/03\/WhatsApp-Image-2026-03-24-at-14.31.15-1024x731.jpeg\"><span data-alt=\"\"><\/span><\/a><\/div><div class=\"rsContent\"><a class=\"rsImg\" data-rsw=\"1024\" data-rsh=\"731\" href=\"https:\/\/www.acsc.com.br\/divinocoracao\/wp-content\/uploads\/sites\/4\/2026\/03\/WhatsApp-Image-2026-03-24-at-14.20.29-1024x731.jpeg\"><span data-alt=\"\"><\/span><\/a><\/div><div class=\"rsContent\"><a class=\"rsImg\" data-rsw=\"1024\" data-rsh=\"768\" href=\"https:\/\/www.acsc.com.br\/divinocoracao\/wp-content\/uploads\/sites\/4\/2026\/03\/WhatsApp-Image-2026-03-24-at-14.31.49-1024x768.jpeg\"><span data-alt=\"\"><\/span><\/a><\/div><div class=\"rsContent\"><a class=\"rsImg\" data-rsw=\"768\" data-rsh=\"1024\" href=\"https:\/\/www.acsc.com.br\/divinocoracao\/wp-content\/uploads\/sites\/4\/2026\/03\/WhatsApp-Image-2026-03-24-at-14.31.22-768x1024.jpeg\"><span data-alt=\"\"><\/span><\/a><\/div><\/div><img decoding=\"async\" src=\"https:\/\/www.acsc.com.br\/divinocoracao\/wp-content\/uploads\/sites\/4\/2026\/03\/WhatsApp-Image-2026-03-24-at-14.31.15-1024x731.jpeg\" width=\"1024\" height=\"731\" alt loading=\"lazy\"><\/div><div class=\"w-slider-json\" onclick='return {&quot;autoScaleSlider&quot;:true,&quot;loop&quot;:true,&quot;fadeInLoadedSlide&quot;:false,&quot;slidesSpacing&quot;:0,&quot;imageScalePadding&quot;:0,&quot;numImagesToPreload&quot;:2,&quot;arrowsNav&quot;:true,&quot;arrowsNavAutoHide&quot;:false,&quot;transitionType&quot;:&quot;move&quot;,&quot;transitionSpeed&quot;:250,&quot;block&quot;:{&quot;moveEffect&quot;:&quot;none&quot;,&quot;speed&quot;:300},&quot;thumbs&quot;:{&quot;fitInViewport&quot;:false},&quot;controlNavigation&quot;:&quot;none&quot;,&quot;imageScaleMode&quot;:&quot;fill&quot;,&quot;autoScaleSliderWidth&quot;:1024,&quot;autoScaleSliderHeight&quot;:731}'><\/div><\/div><\/div><\/div><\/div><\/div><\/section>\n","protected":false},"excerpt":{"rendered":"O col\u00e9gio Divino Cora\u00e7\u00e3o conta com \u00e1rea pedag\u00f3gica, laborat\u00f3rios, \u00e1rea esportiva e espa\u00e7o para cultura e espiritualidade. O espa\u00e7o escolar pedag\u00f3gico possui\u00a0 biblioteca, sala de arte, sala de recursos, laborat\u00f3rio de inform\u00e1tica e laborat\u00f3rio de ci\u00eancias.\u00a0 A escola tamb\u00e9m \u00e9\u00a0 composta por amplos ambientes de conviv\u00eancia, p\u00e1tio, pra\u00e7a de brinquedo\/\u00e1rea livre, quadra de esportes, gin\u00e1sio,...","protected":false},"author":1,"featured_media":0,"parent":0,"menu_order":0,"comment_status":"closed","ping_status":"closed","template":"","meta":{"_acf_changed":false,"footnotes":""},"class_list":["post-104","page","type-page","status-publish","hentry"],"acf":[],"_links":{"self":[{"href":"https:\/\/www.acsc.com.br\/divinocoracao\/wp-json\/wp\/v2\/pages\/104","targetHints":{"allow":["GET"]}}],"collection":[{"href":"https:\/\/www.acsc.com.br\/divinocoracao\/wp-json\/wp\/v2\/pages"}],"about":[{"href":"https:\/\/www.acsc.com.br\/divinocoracao\/wp-json\/wp\/v2\/types\/page"}],"author":[{"embeddable":true,"href":"https:\/\/www.acsc.com.br\/divinocoracao\/wp-json\/wp\/v2\/users\/1"}],"replies":[{"embeddable":true,"href":"https:\/\/www.acsc.com.br\/divinocoracao\/wp-json\/wp\/v2\/comments?post=104"}],"version-history":[{"count":13,"href":"https:\/\/www.acsc.com.br\/divinocoracao\/wp-json\/wp\/v2\/pages\/104\/revisions"}],"predecessor-version":[{"id":587,"href":"https:\/\/www.acsc.com.br\/divinocoracao\/wp-json\/wp\/v2\/pages\/104\/revisions\/587"}],"wp:attachment":[{"href":"https:\/\/www.acsc.com.br\/divinocoracao\/wp-json\/wp\/v2\/media?parent=104"}],"curies":[{"name":"wp","href":"https:\/\/api.w.org\/{rel}","templated":true}]}}