{"id":100,"date":"2023-04-17T14:43:23","date_gmt":"2023-04-17T17:43:23","guid":{"rendered":"https:\/\/www.acsc.com.br\/divinocoracao\/?page_id=100"},"modified":"2023-08-11T11:51:30","modified_gmt":"2023-08-11T14:51:30","slug":"tecnologias-da-informacao-e-comunicacao","status":"publish","type":"page","link":"https:\/\/www.acsc.com.br\/divinocoracao\/tecnologias-da-informacao-e-comunicacao\/","title":{"rendered":"Tecnologias da Informa\u00e7\u00e3o e Comunica\u00e7\u00e3o"},"content":{"rendered":"<p style=\"text-align: justify;\"><span style=\"font-weight: 400;\">O Setor de Tecnologias da Informa\u00e7\u00e3o e Comunica\u00e7\u00e3o \u00e9 respons\u00e1vel pelo suporte tecnol\u00f3gico da Institui\u00e7\u00e3o Escolar. O Setor dinamiza os servi\u00e7os de tecnologia administrativa, tecnologia educacional com suporte aos projetos pedag\u00f3gicos e capacita\u00e7\u00e3o dos professores, e aux\u00edlio ao uso das tecnologias para os pais e alunos.<\/span><\/p>\n<p style=\"text-align: justify;\"><span style=\"font-weight: 400;\">Dentro dessas responsabilidades est\u00e3o: manter os laborat\u00f3rios e os equipamentos em plenas condi\u00e7\u00f5es de uso e atualizados, instalar projetores multim\u00eddia, auxiliar no uso das telas interativas, <\/span><i><span style=\"font-weight: 400;\">tablets<\/span><\/i><span style=\"font-weight: 400;\">, notebooks e demais aparelhos tecnol\u00f3gicos, realizar <\/span><i><span style=\"font-weight: 400;\">backups <\/span><\/i><span style=\"font-weight: 400;\">peri\u00f3dicos de base de dados do sistema administrativo escolar, registrar os eventos e acontecimentos da Institui\u00e7\u00e3o Escolar, gestar as redes sociais com as fotos e not\u00edcias que ocorrem no dia-a-dia da escola, dar suporte \u00e0 rede, aos softwares e Internet, auxiliar os pais e alunos com o uso dos aplicativos utilizados pela Escola e auxiliar os professores nas quest\u00f5es tecnol\u00f3gicas quando necess\u00e1rio.<\/span><\/p>\n<p>&nbsp;<\/p>\n<p><b>Hor\u00e1rio de Atendimento:<\/b><\/p>\n<p><b>Manh\u00e3:<\/b><span style=\"font-weight: 400;\"> 07h15min \u00e0s 11h15min<br \/>\n<\/span><b>Tarde:<\/b><span style=\"font-weight: 400;\"> 13h00 \u00e0 17h00<\/span><\/p>\n<p><b>E-mail:<\/b> <a href=\"mailto:ti@divinocoracao.com.br\"><span style=\"font-weight: 400;\">ti@divinocoracao.com.br<\/span><\/a><\/p>\n","protected":false},"excerpt":{"rendered":"<p>O Setor de Tecnologias da Informa\u00e7\u00e3o e Comunica\u00e7\u00e3o \u00e9 respons\u00e1vel pelo suporte tecnol\u00f3gico da Institui\u00e7\u00e3o Escolar. O Setor dinamiza os servi\u00e7os de tecnologia administrativa, tecnologia educacional com suporte aos projetos pedag\u00f3gicos e capacita\u00e7\u00e3o dos professores, e aux\u00edlio ao uso das tecnologias para os pais e alunos. Dentro dessas responsabilidades est\u00e3o: manter os laborat\u00f3rios e os&#8230;<\/p>\n","protected":false},"author":1,"featured_media":0,"parent":0,"menu_order":0,"comment_status":"closed","ping_status":"closed","template":"","meta":{"_acf_changed":false,"footnotes":""},"class_list":["post-100","page","type-page","status-publish","hentry"],"acf":[],"_links":{"self":[{"href":"https:\/\/www.acsc.com.br\/divinocoracao\/wp-json\/wp\/v2\/pages\/100","targetHints":{"allow":["GET"]}}],"collection":[{"href":"https:\/\/www.acsc.com.br\/divinocoracao\/wp-json\/wp\/v2\/pages"}],"about":[{"href":"https:\/\/www.acsc.com.br\/divinocoracao\/wp-json\/wp\/v2\/types\/page"}],"author":[{"embeddable":true,"href":"https:\/\/www.acsc.com.br\/divinocoracao\/wp-json\/wp\/v2\/users\/1"}],"replies":[{"embeddable":true,"href":"https:\/\/www.acsc.com.br\/divinocoracao\/wp-json\/wp\/v2\/comments?post=100"}],"version-history":[{"count":2,"href":"https:\/\/www.acsc.com.br\/divinocoracao\/wp-json\/wp\/v2\/pages\/100\/revisions"}],"predecessor-version":[{"id":227,"href":"https:\/\/www.acsc.com.br\/divinocoracao\/wp-json\/wp\/v2\/pages\/100\/revisions\/227"}],"wp:attachment":[{"href":"https:\/\/www.acsc.com.br\/divinocoracao\/wp-json\/wp\/v2\/media?parent=100"}],"curies":[{"name":"wp","href":"https:\/\/api.w.org\/{rel}","templated":true}]}}